{"id":293,"date":"2025-10-26T16:04:42","date_gmt":"2025-10-26T16:04:42","guid":{"rendered":"https:\/\/mikroswiat.edu.pl\/biography\/"},"modified":"2026-02-03T01:35:19","modified_gmt":"2026-02-03T01:35:19","slug":"o-autorce","status":"publish","type":"page","link":"https:\/\/mikroswiat.edu.pl\/en\/o-autorce\/","title":{"rendered":"Author"},"content":{"rendered":"<div data-elementor-type=\"wp-page\" data-elementor-id=\"293\" class=\"elementor elementor-293\">\n\t\t\t\t<div class=\"elementor-element elementor-element-1077538 e-flex e-con-boxed e-con e-parent\" data-id=\"1077538\" data-element_type=\"container\" data-settings=\"{&quot;background_background&quot;:&quot;classic&quot;}\">\n\t\t\t\t\t<div class=\"e-con-inner\">\n\t\t<div class=\"elementor-element elementor-element-7844f99 e-con-full e-flex e-con e-child\" data-id=\"7844f99\" data-element_type=\"container\">\n\t\t\t\t<div class=\"elementor-element elementor-element-2dc9687 elementor-widget elementor-widget-hfe-infocard\" data-id=\"2dc9687\" data-element_type=\"widget\" data-widget_type=\"hfe-infocard.default\">\n\t\t\t\t<div class=\"elementor-widget-container\">\n\t\t\t\t\t\n\t\t<div class=\"hfe-infocard\">\n\t\t\t\t\t\t\t\t\t<div class=\"hfe-infocard-title-wrap\">\n\t\t\t\t<h1 class=\"hfe-infocard-title elementor-inline-editing\" data-elementor-setting-key=\"infocard_title\" data-elementor-inline-editing-toolbar=\"basic\" >Agnieszka Wojtkiewicz<\/h1>\t\t\t<\/div>\n\t\t\t\t\t\t<div class=\"hfe-infocard-text-wrap\">\n\t\t\t\t<div class=\"hfe-infocard-text elementor-inline-editing\" data-elementor-setting-key=\"infocard_description\" data-elementor-inline-editing-toolbar=\"advanced\">\n\t\t\t\t\t<p>A mother and biotechnologist, graduate of the University of Silesia, PhD in chemical sciences, and assistant professor at the Institute of Catalysis and Surface Physicochemistry of the Polish Academy of Sciences in Krak\u00f3w.\n\nCo-author of scientific articles, patent applications, and industrial implementations in the fields of biocatalysis and organic chemistry. Her work combines fundamental research with practical applications in industry.\t\t\t\t<\/div>\n\t\t\t\t\t\t\t<\/div>\n\t\t<\/div>\n\n\t\t\t\t\t\t<\/div>\n\t\t\t\t<\/div>\n\t\t<div class=\"elementor-element elementor-element-e99a3b7 e-con-full e-flex e-con e-child\" data-id=\"e99a3b7\" data-element_type=\"container\">\n\t\t<div class=\"elementor-element elementor-element-9b7e2df e-con-full e-flex e-con e-child\" data-id=\"9b7e2df\" data-element_type=\"container\">\n\t\t\t\t<div class=\"elementor-element elementor-element-8a96012 elementor-widget elementor-widget-image\" data-id=\"8a96012\" data-element_type=\"widget\" data-widget_type=\"image.default\">\n\t\t\t\t<div class=\"elementor-widget-container\">\n\t\t\t\t\t\t\t\t\t\t\t\t\t\t\t<img fetchpriority=\"high\" decoding=\"async\" width=\"2560\" height=\"2327\" src=\"https:\/\/mikroswiat.edu.pl\/wp-content\/uploads\/2026\/02\/R-A-Agnieszka-Wojtkiewicz-BoCerba-Photography-0266-scaled.jpg\" class=\"attachment-full size-full wp-image-1845\" alt=\"Agnieszka Wojtkiewicz\" srcset=\"https:\/\/mikroswiat.edu.pl\/wp-content\/uploads\/2026\/02\/R-A-Agnieszka-Wojtkiewicz-BoCerba-Photography-0266-scaled.jpg 2560w, https:\/\/mikroswiat.edu.pl\/wp-content\/uploads\/2026\/02\/R-A-Agnieszka-Wojtkiewicz-BoCerba-Photography-0266-300x273.jpg 300w, https:\/\/mikroswiat.edu.pl\/wp-content\/uploads\/2026\/02\/R-A-Agnieszka-Wojtkiewicz-BoCerba-Photography-0266-1024x931.jpg 1024w, https:\/\/mikroswiat.edu.pl\/wp-content\/uploads\/2026\/02\/R-A-Agnieszka-Wojtkiewicz-BoCerba-Photography-0266-768x698.jpg 768w, https:\/\/mikroswiat.edu.pl\/wp-content\/uploads\/2026\/02\/R-A-Agnieszka-Wojtkiewicz-BoCerba-Photography-0266-1536x1396.jpg 1536w, https:\/\/mikroswiat.edu.pl\/wp-content\/uploads\/2026\/02\/R-A-Agnieszka-Wojtkiewicz-BoCerba-Photography-0266-2048x1862.jpg 2048w, https:\/\/mikroswiat.edu.pl\/wp-content\/uploads\/2026\/02\/R-A-Agnieszka-Wojtkiewicz-BoCerba-Photography-0266-13x12.jpg 13w, https:\/\/mikroswiat.edu.pl\/wp-content\/uploads\/2026\/02\/R-A-Agnieszka-Wojtkiewicz-BoCerba-Photography-0266-600x545.jpg 600w\" sizes=\"(max-width: 2560px) 100vw, 2560px\" title=\"Author\">\t\t\t\t\t\t\t\t\t\t\t\t\t\t\t<\/div>\n\t\t\t\t<\/div>\n\t\t\t\t<\/div>\n\t\t<div class=\"elementor-element elementor-element-dc6f959 e-con-full e-flex e-con e-child\" data-id=\"dc6f959\" data-element_type=\"container\">\n\t\t\t\t<div class=\"elementor-element elementor-element-7378be4 elementor-view-default elementor-widget elementor-widget-icon\" data-id=\"7378be4\" data-element_type=\"widget\" data-widget_type=\"icon.default\">\n\t\t\t\t<div class=\"elementor-widget-container\">\n\t\t\t\t\t\t\t<div class=\"elementor-icon-wrapper\">\n\t\t\t<div class=\"elementor-icon\">\n\t\t\t<i aria-hidden=\"true\" class=\"fas fa-quote-left\"><\/i>\t\t\t<\/div>\n\t\t<\/div>\n\t\t\t\t\t\t<\/div>\n\t\t\t\t<\/div>\n\t\t\t\t<div class=\"elementor-element elementor-element-865efec elementor-widget elementor-widget-testimonial\" data-id=\"865efec\" data-element_type=\"widget\" data-widget_type=\"testimonial.default\">\n\t\t\t\t<div class=\"elementor-widget-container\">\n\t\t\t\t\t\t\t<div class=\"elementor-testimonial-wrapper\">\n\t\t\t\t\t\t\t<div class=\"elementor-testimonial-content\">Fascinated by industrial and environmental biotechnology, I combine scientific knowledge and experience with a passion for educating young children, introducing them in a clear and simple way to the fascinating world of microorganisms.<\/div>\n\t\t\t\n\t\t\t\t\t\t<div class=\"elementor-testimonial-meta\">\n\t\t\t\t<div class=\"elementor-testimonial-meta-inner\">\n\t\t\t\t\t\n\t\t\t\t\t\t\t\t\t\t<div class=\"elementor-testimonial-details\">\n\t\t\t\t\t\t\t\t\t\t\t\t\t\t<div class=\"elementor-testimonial-name\">AM Wojtkiewicz<\/div>\n\t\t\t\t\t\t\t\t\t\t\t\t\t\t\t\t\t\t\t<\/div>\n\t\t\t\t\t\t\t\t\t<\/div>\n\t\t\t<\/div>\n\t\t\t\t\t<\/div>\n\t\t\t\t\t\t<\/div>\n\t\t\t\t<\/div>\n\t\t\t\t<\/div>\n\t\t\t\t<\/div>\n\t\t\t\t<div class=\"elementor-element elementor-element-b299028 elementor-widget elementor-widget-spacer\" data-id=\"b299028\" data-element_type=\"widget\" data-widget_type=\"spacer.default\">\n\t\t\t\t<div class=\"elementor-widget-container\">\n\t\t\t\t\t\t\t<div class=\"elementor-spacer\">\n\t\t\t<div class=\"elementor-spacer-inner\"><\/div>\n\t\t<\/div>\n\t\t\t\t\t\t<\/div>\n\t\t\t\t<\/div>\n\t\t<div class=\"elementor-element elementor-element-f3cbea7 e-grid e-con-full e-con e-child\" data-id=\"f3cbea7\" data-element_type=\"container\">\n\t\t<div class=\"elementor-element elementor-element-f5f2b73 e-con-full e-flex e-con e-child\" data-id=\"f5f2b73\" data-element_type=\"container\">\n\t\t\t\t<\/div>\n\t\t\t\t<div class=\"elementor-element elementor-element-e09ccee elementor-widget elementor-widget-heading\" data-id=\"e09ccee\" data-element_type=\"widget\" data-widget_type=\"heading.default\">\n\t\t\t\t<div class=\"elementor-widget-container\">\n\t\t\t\t\t<h2 class=\"elementor-heading-title elementor-size-default\">Recomendations<\/h2>\t\t\t\t<\/div>\n\t\t\t\t<\/div>\n\t\t\t\t<div class=\"elementor-element elementor-element-2254afc elementor-widget elementor-widget-text-editor\" data-id=\"2254afc\" data-element_type=\"widget\" data-widget_type=\"text-editor.default\">\n\t\t\t\t<div class=\"elementor-widget-container\">\n\t\t\t\t\t\t\t\t\t<p><span data-olk-copy-source=\"MessageBody\">The books have received the approval of leading scientific institutions and support the development of biotechnology.<\/span><\/p>\t\t\t\t\t\t\t\t<\/div>\n\t\t\t\t<\/div>\n\t\t\t\t<\/div>\n\t\t<div class=\"elementor-element elementor-element-1ae21c0 e-con-full e-flex e-con e-child\" data-id=\"1ae21c0\" data-element_type=\"container\">\n\t\t<div class=\"elementor-element elementor-element-ffb30da e-con-full e-flex e-con e-child\" data-id=\"ffb30da\" data-element_type=\"container\">\n\t\t\t\t<div class=\"elementor-element elementor-element-0afc39b elementor-widget__width-initial elementor-widget-tablet__width-initial elementor-widget-mobile__width-inherit elementor-position-left elementor-vertical-align-middle elementor-widget elementor-widget-image-box\" data-id=\"0afc39b\" data-element_type=\"widget\" data-widget_type=\"image-box.default\">\n\t\t\t\t<div class=\"elementor-widget-container\">\n\t\t\t\t\t<div class=\"elementor-image-box-wrapper\"><figure class=\"elementor-image-box-img\"><a href=\"https:\/\/ikifp.edu.pl\/\" target=\"_blank\" tabindex=\"-1\"><img decoding=\"async\" width=\"209\" height=\"223\" src=\"https:\/\/mikroswiat.edu.pl\/wp-content\/uploads\/2026\/02\/logo-ikifp.png\" class=\"attachment-full size-full wp-image-1934\" alt=\"logo ikifp\" title=\"Author\" srcset=\"https:\/\/mikroswiat.edu.pl\/wp-content\/uploads\/2026\/02\/logo-ikifp.png 209w, https:\/\/mikroswiat.edu.pl\/wp-content\/uploads\/2026\/02\/logo-ikifp-11x12.png 11w\" sizes=\"(max-width: 209px) 100vw, 209px\" \/><\/a><\/figure><div class=\"elementor-image-box-content\"><h5 class=\"elementor-image-box-title\"><a href=\"https:\/\/ikifp.edu.pl\/\" target=\"_blank\">Jerzy Haber Insitute of Catalysis and Surface Chemistry<\/a><\/h5><p class=\"elementor-image-box-description\">Polish Academy <br>of Sciences<\/p><\/div><\/div>\t\t\t\t<\/div>\n\t\t\t\t<\/div>\n\t\t\t\t<\/div>\n\t\t<div class=\"elementor-element elementor-element-94541f0 e-con-full e-flex e-con e-child\" data-id=\"94541f0\" data-element_type=\"container\">\n\t\t\t\t<div class=\"elementor-element elementor-element-5ae79de elementor-widget__width-initial elementor-widget-tablet__width-initial elementor-widget-mobile__width-inherit elementor-position-left elementor-vertical-align-middle elementor-widget elementor-widget-image-box\" data-id=\"5ae79de\" data-element_type=\"widget\" data-widget_type=\"image-box.default\">\n\t\t\t\t<div class=\"elementor-widget-container\">\n\t\t\t\t\t<div class=\"elementor-image-box-wrapper\"><figure class=\"elementor-image-box-img\"><a href=\"https:\/\/us.edu.pl\/instytut\/ibbios\/\" target=\"_blank\" tabindex=\"-1\"><img decoding=\"async\" width=\"682\" height=\"802\" src=\"https:\/\/mikroswiat.edu.pl\/wp-content\/uploads\/2026\/02\/Logo-1-\u2014-kopia.png\" class=\"attachment-full size-full wp-image-1932\" alt=\"logo 1 \u2014 kopia\" title=\"Author\" srcset=\"https:\/\/mikroswiat.edu.pl\/wp-content\/uploads\/2026\/02\/Logo-1-\u2014-kopia.png 682w, https:\/\/mikroswiat.edu.pl\/wp-content\/uploads\/2026\/02\/Logo-1-\u2014-kopia-255x300.png 255w, https:\/\/mikroswiat.edu.pl\/wp-content\/uploads\/2026\/02\/Logo-1-\u2014-kopia-10x12.png 10w, https:\/\/mikroswiat.edu.pl\/wp-content\/uploads\/2026\/02\/Logo-1-\u2014-kopia-600x706.png 600w\" sizes=\"(max-width: 682px) 100vw, 682px\" \/><\/a><\/figure><div class=\"elementor-image-box-content\"><h5 class=\"elementor-image-box-title\"><a href=\"https:\/\/us.edu.pl\/instytut\/ibbios\/\" target=\"_blank\">SILESIAN UNIVERSITY<\/a><\/h5><p class=\"elementor-image-box-description\">Institute of Biology, Biotechnology and Environmental Protection<\/p><\/div><\/div>\t\t\t\t<\/div>\n\t\t\t\t<\/div>\n\t\t\t\t<\/div>\n\t\t\t\t<\/div>\n\t\t\t\t<\/div>\n\t\t\t\t\t<\/div>\n\t\t\t\t<\/div>\n\t\t\t\t<\/div>","protected":false},"excerpt":{"rendered":"<p>Agnieszka Wojtkiewicz Mama i biotechnolog, absolwentka Uniwersytetu \u015al\u0105skiego, doktor nauk chemicznych, adiunkt w Instytucie Katalizy i Fizykochemii Powierzchni Polskiej Akademii Nauk w Krakowie. Wsp\u00f3\u0142autorka artyku\u0142\u00f3w naukowych, zg\u0142osze\u0144 patentowych i wdro\u017ce\u0144 przemys\u0142owych w dziedzinie biokatalizy i chemii organicznej. Jej prace \u0142\u0105cz\u0105 badania podstawowe z praktycznym zastosowaniem w przemy\u015ble. Zafascynowana biotechnologi\u0105 przemys\u0142ow\u0105 i \u015brodowiskow\u0105, \u0142\u0105cz\u0119 wiedz\u0119 i [&hellip;]<\/p>","protected":false},"author":1,"featured_media":0,"parent":0,"menu_order":0,"comment_status":"closed","ping_status":"closed","template":"","meta":{"site-sidebar-layout":"no-sidebar","site-content-layout":"page-builder","ast-site-content-layout":"default","site-content-style":"default","site-sidebar-style":"default","ast-global-header-display":"","ast-banner-title-visibility":"","ast-main-header-display":"","ast-hfb-above-header-display":"","ast-hfb-below-header-display":"","ast-hfb-mobile-header-display":"","site-post-title":"","ast-breadcrumbs-content":"disabled","ast-featured-img":"disabled","footer-sml-layout":"","ast-disable-related-posts":"","theme-transparent-header-meta":"enabled","adv-header-id-meta":"","stick-header-meta":"","header-above-stick-meta":"","header-main-stick-meta":"","header-below-stick-meta":"","astra-migrate-meta-layouts":"default","ast-page-background-enabled":"default","ast-page-background-meta":{"desktop":{"background-color":"","background-image":"","background-repeat":"repeat","background-position":"center center","background-size":"auto","background-attachment":"scroll","background-type":"","background-media":"","overlay-type":"","overlay-color":"","overlay-opacity":"","overlay-gradient":""},"tablet":{"background-color":"","background-image":"","background-repeat":"repeat","background-position":"center center","background-size":"auto","background-attachment":"scroll","background-type":"","background-media":"","overlay-type":"","overlay-color":"","overlay-opacity":"","overlay-gradient":""},"mobile":{"background-color":"","background-image":"","background-repeat":"repeat","background-position":"center center","background-size":"auto","background-attachment":"scroll","background-type":"","background-media":"","overlay-type":"","overlay-color":"","overlay-opacity":"","overlay-gradient":""}},"ast-content-background-meta":{"desktop":{"background-color":"var(--ast-global-color-5)","background-image":"","background-repeat":"repeat","background-position":"center center","background-size":"auto","background-attachment":"scroll","background-type":"","background-media":"","overlay-type":"","overlay-color":"","overlay-opacity":"","overlay-gradient":""},"tablet":{"background-color":"var(--ast-global-color-5)","background-image":"","background-repeat":"repeat","background-position":"center center","background-size":"auto","background-attachment":"scroll","background-type":"","background-media":"","overlay-type":"","overlay-color":"","overlay-opacity":"","overlay-gradient":""},"mobile":{"background-color":"var(--ast-global-color-5)","background-image":"","background-repeat":"repeat","background-position":"center center","background-size":"auto","background-attachment":"scroll","background-type":"","background-media":"","overlay-type":"","overlay-color":"","overlay-opacity":"","overlay-gradient":""}},"footnotes":""},"class_list":["post-293","page","type-page","status-publish","hentry"],"jetpack_sharing_enabled":true,"_links":{"self":[{"href":"https:\/\/mikroswiat.edu.pl\/en\/wp-json\/wp\/v2\/pages\/293","targetHints":{"allow":["GET"]}}],"collection":[{"href":"https:\/\/mikroswiat.edu.pl\/en\/wp-json\/wp\/v2\/pages"}],"about":[{"href":"https:\/\/mikroswiat.edu.pl\/en\/wp-json\/wp\/v2\/types\/page"}],"author":[{"embeddable":true,"href":"https:\/\/mikroswiat.edu.pl\/en\/wp-json\/wp\/v2\/users\/1"}],"replies":[{"embeddable":true,"href":"https:\/\/mikroswiat.edu.pl\/en\/wp-json\/wp\/v2\/comments?post=293"}],"version-history":[{"count":109,"href":"https:\/\/mikroswiat.edu.pl\/en\/wp-json\/wp\/v2\/pages\/293\/revisions"}],"predecessor-version":[{"id":1946,"href":"https:\/\/mikroswiat.edu.pl\/en\/wp-json\/wp\/v2\/pages\/293\/revisions\/1946"}],"wp:attachment":[{"href":"https:\/\/mikroswiat.edu.pl\/en\/wp-json\/wp\/v2\/media?parent=293"}],"curies":[{"name":"wp","href":"https:\/\/api.w.org\/{rel}","templated":true}]}}