{"id":1221,"date":"2025-11-03T20:14:04","date_gmt":"2025-11-03T20:14:04","guid":{"rendered":"https:\/\/mikroswiat.edu.pl\/?post_type=product&#038;p=1221"},"modified":"2026-04-12T12:17:31","modified_gmt":"2026-04-12T12:17:31","slug":"laboratorium","status":"publish","type":"product","link":"https:\/\/mikroswiat.edu.pl\/en\/product\/laboratorium\/","title":{"rendered":"Laboratorium"},"content":{"rendered":"<h4><strong>Laura i Puszek zn\u00f3w ruszaj\u0105 na naukow\u0105 przygod\u0119! <\/strong><\/h4>\n<p data-start=\"57\" data-end=\"316\">Tym razem Laura i Puszek trafiaj\u0105 do niezwyk\u0142ego laboratorium, gdzie dowiaduj\u0105 si\u0119, \u017ce bakterie to nie tylko mali sprz\u0105tacze \u015bwiata, ale tak\u017ce <strong data-start=\"200\" data-end=\"223\">wa\u017cni pomocnicy naukowc\u00f3w<\/strong>. Pomagaj\u0105 w produkcji lek\u00f3w i witamin, pokazuj\u0105c, jak wa\u017cn\u0105 rol\u0119 odgrywaj\u0105 w biotechnologii.<\/p>\n<p data-start=\"318\" data-end=\"528\">Ilustrowana z humorem i ciep\u0142em ksi\u0105\u017ceczka rozwija ciekawo\u015b\u0107 \u015bwiata, uczy, jak nauka mo\u017ce s\u0142u\u017cy\u0107 naturze, i pokazuje, \u017ce nawet niewidzialne mikroorganizmy maj\u0105 ogromny wp\u0142yw na nasze \u017cycie i przysz\u0142o\u015b\u0107 planety.<\/p>\n<p>Ksi\u0105\u017ceczka o grubszych kartkach idealna dla maluch\u00f3w.<\/p>\n<h4>Dlaczego warto?<\/h4>\n<p>\u2022 ksi\u0105\u017ceczka edukacyjna dla dzieci 3\u20138 lat<br \/>\n\u2022 wprowadza podstawy mikrobiologii w prosty spos\u00f3b<br \/>\n\u2022 idealna do wsp\u00f3lnego czytania z rodzicem<br \/>\n\u2022 rozwija ciekawo\u015b\u0107 naukow\u0105 i zdrowe nawyki<br \/>\n\u2022 pi\u0119kne ilustracje i humor<\/p>\n<h4>Dla kogo?<\/h4>\n<p>\u2022 dzieci w wieku przedszkolnym i wczesnoszkolnym<br \/>\n\u2022 rodzic\u00f3w i nauczycieli<br \/>\n\u2022 edukacji domowej i szkolnej<\/p>\n<p>&nbsp;<\/p>\n<p>Poznaj czwart\u0105 cz\u0119\u015b\u0107 serii: <a href=\"https:\/\/mikroswiat.edu.pl\/en\/product\/przedsprzedaz-o-odpornosci\/\">O odporno\u015bci\u00a0<\/a><\/p>\n<p>Zobacz tak\u017ce przypinki z Serii:\u00a0<a href=\"https:\/\/mikroswiat.edu.pl\/en\/product\/przypinka-bakterie\/\">Dobra bakteria<\/a><\/p>","protected":false},"excerpt":{"rendered":"<p><b>Ksi\u0105\u017ceczka o bakteriach-pracusiach wykorzystywanych w biotechnologii, kt\u00f3ra w prosty spos\u00f3b t\u0142umaczy, jak bakterie pomagaj\u0105 w produkcji lek\u00f3w.<\/b><\/p>","protected":false},"featured_media":1244,"comment_status":"open","ping_status":"closed","template":"","meta":{"site-sidebar-layout":"default","site-content-layout":"default","ast-site-content-layout":"default","site-content-style":"default","site-sidebar-style":"default","ast-global-header-display":"","ast-banner-title-visibility":"","ast-main-header-display":"","ast-hfb-above-header-display":"","ast-hfb-below-header-display":"","ast-hfb-mobile-header-display":"","site-post-title":"","ast-breadcrumbs-content":"disabled","ast-featured-img":"","footer-sml-layout":"","ast-disable-related-posts":"","theme-transparent-header-meta":"default","adv-header-id-meta":"","stick-header-meta":"","header-above-stick-meta":"","header-main-stick-meta":"","header-below-stick-meta":"","astra-migrate-meta-layouts":"set","ast-page-background-enabled":"default","ast-page-background-meta":{"desktop":{"background-color":"","background-image":"","background-repeat":"repeat","background-position":"center center","background-size":"auto","background-attachment":"scroll","background-type":"","background-media":"","overlay-type":"","overlay-color":"","overlay-opacity":"","overlay-gradient":""},"tablet":{"background-color":"","background-image":"","background-repeat":"repeat","background-position":"center center","background-size":"auto","background-attachment":"scroll","background-type":"","background-media":"","overlay-type":"","overlay-color":"","overlay-opacity":"","overlay-gradient":""},"mobile":{"background-color":"","background-image":"","background-repeat":"repeat","background-position":"center center","background-size":"auto","background-attachment":"scroll","background-type":"","background-media":"","overlay-type":"","overlay-color":"","overlay-opacity":"","overlay-gradient":""}},"ast-content-background-meta":{"desktop":{"background-color":"var(--ast-global-color-5)","background-image":"","background-repeat":"repeat","background-position":"center center","background-size":"auto","background-attachment":"scroll","background-type":"","background-media":"","overlay-type":"","overlay-color":"","overlay-opacity":"","overlay-gradient":""},"tablet":{"background-color":"var(--ast-global-color-5)","background-image":"","background-repeat":"repeat","background-position":"center center","background-size":"auto","background-attachment":"scroll","background-type":"","background-media":"","overlay-type":"","overlay-color":"","overlay-opacity":"","overlay-gradient":""},"mobile":{"background-color":"var(--ast-global-color-5)","background-image":"","background-repeat":"repeat","background-position":"center center","background-size":"auto","background-attachment":"scroll","background-type":"","background-media":"","overlay-type":"","overlay-color":"","overlay-opacity":"","overlay-gradient":""}}},"product_brand":[34],"product_cat":[41],"product_tag":[45,49,47,46,51],"class_list":{"0":"post-1221","1":"product","2":"type-product","3":"status-publish","4":"has-post-thumbnail","6":"product_brand-mikroswiat","7":"product_cat-ksiazeczki-edukacyjne","8":"product_tag-bakterie","9":"product_tag-edukacja-stem","10":"product_tag-fermentacja","11":"product_tag-mikroorganizmy","12":"product_tag-nauka-przez-zabawe","13":"desktop-align-left","14":"tablet-align-left","15":"mobile-align-left","17":"first","18":"instock","19":"shipping-taxable","20":"purchasable","21":"product-type-simple"},"jetpack_sharing_enabled":true,"_links":{"self":[{"href":"https:\/\/mikroswiat.edu.pl\/en\/wp-json\/wp\/v2\/product\/1221","targetHints":{"allow":["GET"]}}],"collection":[{"href":"https:\/\/mikroswiat.edu.pl\/en\/wp-json\/wp\/v2\/product"}],"about":[{"href":"https:\/\/mikroswiat.edu.pl\/en\/wp-json\/wp\/v2\/types\/product"}],"replies":[{"embeddable":true,"href":"https:\/\/mikroswiat.edu.pl\/en\/wp-json\/wp\/v2\/comments?post=1221"}],"wp:featuredmedia":[{"embeddable":true,"href":"https:\/\/mikroswiat.edu.pl\/en\/wp-json\/wp\/v2\/media\/1244"}],"wp:attachment":[{"href":"https:\/\/mikroswiat.edu.pl\/en\/wp-json\/wp\/v2\/media?parent=1221"}],"wp:term":[{"taxonomy":"product_brand","embeddable":true,"href":"https:\/\/mikroswiat.edu.pl\/en\/wp-json\/wp\/v2\/product_brand?post=1221"},{"taxonomy":"product_cat","embeddable":true,"href":"https:\/\/mikroswiat.edu.pl\/en\/wp-json\/wp\/v2\/product_cat?post=1221"},{"taxonomy":"product_tag","embeddable":true,"href":"https:\/\/mikroswiat.edu.pl\/en\/wp-json\/wp\/v2\/product_tag?post=1221"}],"curies":[{"name":"wp","href":"https:\/\/api.w.org\/{rel}","templated":true}]}}